{"id":10,"date":"2024-01-24T21:01:54","date_gmt":"2024-01-24T21:01:54","guid":{"rendered":"https:\/\/phukos.pl\/?page_id=10"},"modified":"2025-11-05T18:20:48","modified_gmt":"2025-11-05T18:20:48","slug":"glowna","status":"publish","type":"page","link":"https:\/\/phukos.pl\/","title":{"rendered":"g\u0142\u00f3wna"},"content":{"rendered":"\t\t<div data-elementor-type=\"wp-page\" data-elementor-id=\"10\" class=\"elementor elementor-10\" data-elementor-post-type=\"page\">\n\t\t\t\t\t\t\t<div class=\"elementor-element elementor-element-572387b e-con-full e-flex e-con e-parent\" data-id=\"572387b\" data-element_type=\"container\" data-settings=\"{&quot;content_width&quot;:&quot;full&quot;,&quot;background_background&quot;:&quot;classic&quot;}\" data-core-v316-plus=\"true\">\n\t\t\t\t<div class=\"elementor-element elementor-element-bd47f69 elementor-widget elementor-widget-heading\" data-id=\"bd47f69\" data-element_type=\"widget\" data-widget_type=\"heading.default\">\n\t\t\t\t<div class=\"elementor-widget-container\">\n\t\t\t<style>\/*! elementor - v3.18.0 - 20-12-2023 *\/\n.elementor-heading-title{padding:0;margin:0;line-height:1}.elementor-widget-heading .elementor-heading-title[class*=elementor-size-]>a{color:inherit;font-size:inherit;line-height:inherit}.elementor-widget-heading .elementor-heading-title.elementor-size-small{font-size:15px}.elementor-widget-heading .elementor-heading-title.elementor-size-medium{font-size:19px}.elementor-widget-heading .elementor-heading-title.elementor-size-large{font-size:29px}.elementor-widget-heading .elementor-heading-title.elementor-size-xl{font-size:39px}.elementor-widget-heading .elementor-heading-title.elementor-size-xxl{font-size:59px}<\/style><h2 class=\"elementor-heading-title elementor-size-default\">Przedsi\u0119biorstwo Handlowo Us\u0142ugowe KOS Micha\u0142 Janusz<\/h2>\t\t<\/div>\n\t\t\t\t<\/div>\n\t\t\t\t<\/div>\n\t\t<div class=\"elementor-element elementor-element-350658f e-flex e-con-boxed e-con e-parent\" data-id=\"350658f\" data-element_type=\"container\" data-settings=\"{&quot;background_background&quot;:&quot;classic&quot;,&quot;content_width&quot;:&quot;boxed&quot;}\" data-core-v316-plus=\"true\">\n\t\t\t\t\t<div class=\"e-con-inner\">\n\t\t\t\t<div class=\"elementor-element elementor-element-7c3c77f elementor-widget elementor-widget-text-editor\" data-id=\"7c3c77f\" data-element_type=\"widget\" data-widget_type=\"text-editor.default\">\n\t\t\t\t<div class=\"elementor-widget-container\">\n\t\t\t<style>\/*! elementor - v3.18.0 - 20-12-2023 *\/\n.elementor-widget-text-editor.elementor-drop-cap-view-stacked .elementor-drop-cap{background-color:#69727d;color:#fff}.elementor-widget-text-editor.elementor-drop-cap-view-framed .elementor-drop-cap{color:#69727d;border:3px solid;background-color:transparent}.elementor-widget-text-editor:not(.elementor-drop-cap-view-default) .elementor-drop-cap{margin-top:8px}.elementor-widget-text-editor:not(.elementor-drop-cap-view-default) .elementor-drop-cap-letter{width:1em;height:1em}.elementor-widget-text-editor .elementor-drop-cap{float:left;text-align:center;line-height:1;font-size:50px}.elementor-widget-text-editor .elementor-drop-cap-letter{display:inline-block}<\/style>\t\t\t\t<center>Nasza strona internetowa jest w budowie.<\/center>\t\t\t\t\t\t<\/div>\n\t\t\t\t<\/div>\n\t\t\t\t\t<\/div>\n\t\t\t\t<\/div>\n\t\t<div class=\"elementor-element elementor-element-bda2eda e-flex e-con-boxed e-con e-parent\" data-id=\"bda2eda\" data-element_type=\"container\" data-settings=\"{&quot;background_background&quot;:&quot;classic&quot;,&quot;content_width&quot;:&quot;boxed&quot;}\" data-core-v316-plus=\"true\">\n\t\t\t\t\t<div class=\"e-con-inner\">\n\t\t<div class=\"elementor-element elementor-element-31f77bb e-con-full e-flex e-con e-child\" data-id=\"31f77bb\" data-element_type=\"container\" data-settings=\"{&quot;content_width&quot;:&quot;full&quot;}\">\n\t\t\t\t<div class=\"elementor-element elementor-element-c7226bb elementor-widget__width-initial elementor-widget elementor-widget-text-editor\" data-id=\"c7226bb\" data-element_type=\"widget\" data-widget_type=\"text-editor.default\">\n\t\t\t\t<div class=\"elementor-widget-container\">\n\t\t\t\t\t\t\t<h3 style=\"text-align: center;\"><span style=\"color: #ffffff;\"><strong><span style=\"color: #000000;\">Chcesz zleci\u0107 nam transport<\/span>?<\/strong><\/span><\/h3><p>Zadzwo\u0144 lub napisz e-mail<\/p><p>Transport ci\u0119\u017carowy to dziedzina, w kt\u00f3rej zdobyli\u015bmy ogromne do\u015bwiadczenie.<\/p><p>Sprawd\u017a jak dzia\u0142a firma PHU KOS transport!<\/p><p>\u015awiadczymy transport ci\u0119\u017carowy dowolnymi naczepami typu:<\/p><ul><li>niskopodwozie (tiefbett, semi)<\/li><li>zestaw<\/li><li>platforma<\/li><li>mega<\/li><li>typu firanka (kurtynowe) lub plandeka<\/li><li>ch\u0142odnie<\/li><\/ul>\t\t\t\t\t\t<\/div>\n\t\t\t\t<\/div>\n\t\t\t\t<\/div>\n\t\t<div class=\"elementor-element elementor-element-be0e7f3 e-con-full e-flex e-con e-child\" data-id=\"be0e7f3\" data-element_type=\"container\" data-settings=\"{&quot;content_width&quot;:&quot;full&quot;}\">\n\t\t\t\t<div class=\"elementor-element elementor-element-5c823dc elementor-widget elementor-widget-image\" data-id=\"5c823dc\" data-element_type=\"widget\" data-widget_type=\"image.default\">\n\t\t\t\t<div class=\"elementor-widget-container\">\n\t\t\t<style>\/*! elementor - v3.18.0 - 20-12-2023 *\/\n.elementor-widget-image{text-align:center}.elementor-widget-image a{display:inline-block}.elementor-widget-image a img[src$=\".svg\"]{width:48px}.elementor-widget-image img{vertical-align:middle;display:inline-block}<\/style>\t\t\t\t\t\t\t\t\t\t\t\t<img fetchpriority=\"high\" decoding=\"async\" width=\"1024\" height=\"658\" src=\"https:\/\/phukos.pl\/wp-content\/uploads\/2024\/01\/kalendarz-2024-e1706183656467-1024x658.jpg\" class=\"attachment-large size-large wp-image-111\" alt=\"\u015awiadczymy transport ci\u0119\u017carowy dowolnymi naczepami typu: niskopodwozie (tiefbett, semi) zestaw platforma mega typu firanka (kurtynowe) lub plandeka ch\u0142odnie\" srcset=\"https:\/\/phukos.pl\/wp-content\/uploads\/2024\/01\/kalendarz-2024-e1706183656467-1024x658.jpg 1024w, https:\/\/phukos.pl\/wp-content\/uploads\/2024\/01\/kalendarz-2024-e1706183656467-300x193.jpg 300w, https:\/\/phukos.pl\/wp-content\/uploads\/2024\/01\/kalendarz-2024-e1706183656467-768x494.jpg 768w, https:\/\/phukos.pl\/wp-content\/uploads\/2024\/01\/kalendarz-2024-e1706183656467.jpg 1476w\" sizes=\"(max-width: 1024px) 100vw, 1024px\" \/>\t\t\t\t\t\t\t\t\t\t\t\t\t\t\t<\/div>\n\t\t\t\t<\/div>\n\t\t\t\t<\/div>\n\t\t\t\t\t<\/div>\n\t\t\t\t<\/div>\n\t\t<div class=\"elementor-element elementor-element-86df02c e-flex e-con-boxed e-con e-parent\" data-id=\"86df02c\" data-element_type=\"container\" data-settings=\"{&quot;background_background&quot;:&quot;classic&quot;,&quot;content_width&quot;:&quot;boxed&quot;}\" data-core-v316-plus=\"true\">\n\t\t\t\t\t<div class=\"e-con-inner\">\n\t\t<div class=\"elementor-element elementor-element-928850e e-con-full e-flex e-con e-child\" data-id=\"928850e\" data-element_type=\"container\" data-settings=\"{&quot;content_width&quot;:&quot;full&quot;}\">\n\t\t\t\t<div class=\"elementor-element elementor-element-4a898a7 elementor-widget elementor-widget-text-editor\" data-id=\"4a898a7\" data-element_type=\"widget\" data-widget_type=\"text-editor.default\">\n\t\t\t\t<div class=\"elementor-widget-container\">\n\t\t\t\t\t\t\t<p><b>Przedsi\u0119biorstwo Handlowo Us\u0142ugowe KOS Micha\u0142 Janusz<\/b><\/p><div>Siedziba firmy :<\/div><div>ul.Zamkowa 33, 87-152 \u0141ubianka<\/div><div>\u00a0<\/div><div>biuro i adres do korespondencji:<\/div><div>ul.Zamkowa 33, 87-152 \u0141ubianka<\/div><div>\u00a0<\/div><div>tel.: 513-137-856<\/div><div>\u00a0<\/div><div>NIP 8792450779<\/div><div>REGON 340481134<\/div><div>\u00a0<\/div><div>NR KONTA PL : 17 9511 0000 0022 0571 2000 0010<\/div><div>NR KONTA EURO : 59 9511 0000 0022 0571 2000 0030<\/div><div>\u00a0<\/div>\t\t\t\t\t\t<\/div>\n\t\t\t\t<\/div>\n\t\t\t\t<\/div>\n\t\t<div class=\"elementor-element elementor-element-286c98d e-con-full e-flex e-con e-child\" data-id=\"286c98d\" data-element_type=\"container\" data-settings=\"{&quot;content_width&quot;:&quot;full&quot;}\">\n\t\t\t\t<div class=\"elementor-element elementor-element-71152ca elementor-widget elementor-widget-text-editor\" data-id=\"71152ca\" data-element_type=\"widget\" data-widget_type=\"text-editor.default\">\n\t\t\t\t<div class=\"elementor-widget-container\">\n\t\t\t\t\t\t\t<p><b>Kontakt z nami<\/b><\/p><div><div>Ania \u2013 spedytor krajowy i mi\u0119dzynarodowy, logistyk<\/div><div>tel.:\u00a0 786 868 522,\u00a0\u00a0\u00a0<a href=\"mailto:uslugi.kos@o2.pl\" target=\"_blank\" rel=\"noopener\">uslugi.kos@o2.pl<\/a><\/div><\/div><div>\u00a0<\/div><div>Olga &#8211; spedytor krajowy i mi\u0119dzynarodowy, logistyk<\/div><div>tel.: 570 428 118, transport@phukos.pl<\/div><div>\u00a0<\/div><div>Bogumi\u0142 &#8211; ch\u0142odnie<\/div><div>tel.: 665 927 114, uslugi@phukos.pl<\/div><div><div>\u00a0<\/div><div>Damian &#8211;\u00a0 warsztat, wulkanizacja<\/div><div>tel.: 663 543 539<\/div><div>\u00a0<\/div><div>Agnieszka \u2013 ksi\u0119gowo\u015b\u0107 \/ p\u0142atno\u015bci<\/div><div>tel.: 512 498 760\u00a0<a href=\"mailto:michal.janusz89@wp.pl\" target=\"_blank\" rel=\"noopener\">michal.janusz89@wp.pl<\/a><\/div><div>Magda &#8211; ksi\u0119gowo\u015b\u0107\u00a0<\/div><div>ksiegowosc@phukos.pl<\/div><div>\u00a0<\/div><div>Micha\u0142 &#8211; us\u0142ugi rolnicze \/ sprzeda\u017c<\/div><div>tel.: 513-137-856<\/div><\/div>\t\t\t\t\t\t<\/div>\n\t\t\t\t<\/div>\n\t\t\t\t<\/div>\n\t\t\t\t\t<\/div>\n\t\t\t\t<\/div>\n\t\t<div class=\"elementor-element elementor-element-8f6bebb e-flex e-con-boxed e-con e-parent\" data-id=\"8f6bebb\" data-element_type=\"container\" data-settings=\"{&quot;background_background&quot;:&quot;classic&quot;,&quot;content_width&quot;:&quot;boxed&quot;}\" data-core-v316-plus=\"true\">\n\t\t\t\t\t<div class=\"e-con-inner\">\n\t\t\t\t<div class=\"elementor-element elementor-element-8d7dce6 elementor-widget-divider--view-line elementor-widget elementor-widget-divider\" data-id=\"8d7dce6\" data-element_type=\"widget\" data-widget_type=\"divider.default\">\n\t\t\t\t<div class=\"elementor-widget-container\">\n\t\t\t<style>\/*! elementor - v3.18.0 - 20-12-2023 *\/\n.elementor-widget-divider{--divider-border-style:none;--divider-border-width:1px;--divider-color:#0c0d0e;--divider-icon-size:20px;--divider-element-spacing:10px;--divider-pattern-height:24px;--divider-pattern-size:20px;--divider-pattern-url:none;--divider-pattern-repeat:repeat-x}.elementor-widget-divider .elementor-divider{display:flex}.elementor-widget-divider .elementor-divider__text{font-size:15px;line-height:1;max-width:95%}.elementor-widget-divider .elementor-divider__element{margin:0 var(--divider-element-spacing);flex-shrink:0}.elementor-widget-divider .elementor-icon{font-size:var(--divider-icon-size)}.elementor-widget-divider .elementor-divider-separator{display:flex;margin:0;direction:ltr}.elementor-widget-divider--view-line_icon .elementor-divider-separator,.elementor-widget-divider--view-line_text .elementor-divider-separator{align-items:center}.elementor-widget-divider--view-line_icon .elementor-divider-separator:after,.elementor-widget-divider--view-line_icon .elementor-divider-separator:before,.elementor-widget-divider--view-line_text .elementor-divider-separator:after,.elementor-widget-divider--view-line_text .elementor-divider-separator:before{display:block;content:\"\";border-bottom:0;flex-grow:1;border-top:var(--divider-border-width) var(--divider-border-style) var(--divider-color)}.elementor-widget-divider--element-align-left .elementor-divider .elementor-divider-separator>.elementor-divider__svg:first-of-type{flex-grow:0;flex-shrink:100}.elementor-widget-divider--element-align-left .elementor-divider-separator:before{content:none}.elementor-widget-divider--element-align-left .elementor-divider__element{margin-left:0}.elementor-widget-divider--element-align-right .elementor-divider .elementor-divider-separator>.elementor-divider__svg:last-of-type{flex-grow:0;flex-shrink:100}.elementor-widget-divider--element-align-right .elementor-divider-separator:after{content:none}.elementor-widget-divider--element-align-right .elementor-divider__element{margin-right:0}.elementor-widget-divider:not(.elementor-widget-divider--view-line_text):not(.elementor-widget-divider--view-line_icon) .elementor-divider-separator{border-top:var(--divider-border-width) var(--divider-border-style) var(--divider-color)}.elementor-widget-divider--separator-type-pattern{--divider-border-style:none}.elementor-widget-divider--separator-type-pattern.elementor-widget-divider--view-line .elementor-divider-separator,.elementor-widget-divider--separator-type-pattern:not(.elementor-widget-divider--view-line) .elementor-divider-separator:after,.elementor-widget-divider--separator-type-pattern:not(.elementor-widget-divider--view-line) .elementor-divider-separator:before,.elementor-widget-divider--separator-type-pattern:not([class*=elementor-widget-divider--view]) .elementor-divider-separator{width:100%;min-height:var(--divider-pattern-height);-webkit-mask-size:var(--divider-pattern-size) 100%;mask-size:var(--divider-pattern-size) 100%;-webkit-mask-repeat:var(--divider-pattern-repeat);mask-repeat:var(--divider-pattern-repeat);background-color:var(--divider-color);-webkit-mask-image:var(--divider-pattern-url);mask-image:var(--divider-pattern-url)}.elementor-widget-divider--no-spacing{--divider-pattern-size:auto}.elementor-widget-divider--bg-round{--divider-pattern-repeat:round}.rtl .elementor-widget-divider .elementor-divider__text{direction:rtl}.e-con-inner>.elementor-widget-divider,.e-con>.elementor-widget-divider{width:var(--container-widget-width,100%);--flex-grow:var(--container-widget-flex-grow)}<\/style>\t\t<div class=\"elementor-divider\">\n\t\t\t<span class=\"elementor-divider-separator\">\n\t\t\t\t\t\t<\/span>\n\t\t<\/div>\n\t\t\t\t<\/div>\n\t\t\t\t<\/div>\n\t\t\t\t\t<\/div>\n\t\t\t\t<\/div>\n\t\t<div class=\"elementor-element elementor-element-e0bfff2 e-flex e-con-boxed e-con e-parent\" data-id=\"e0bfff2\" data-element_type=\"container\" data-settings=\"{&quot;background_background&quot;:&quot;classic&quot;,&quot;content_width&quot;:&quot;boxed&quot;}\" data-core-v316-plus=\"true\">\n\t\t\t\t\t<div class=\"e-con-inner\">\n\t\t<div class=\"elementor-element elementor-element-05a9cfc e-con-full e-flex e-con e-child\" data-id=\"05a9cfc\" data-element_type=\"container\" data-settings=\"{&quot;content_width&quot;:&quot;full&quot;}\">\n\t\t\t\t<div class=\"elementor-element elementor-element-7ca6113 elementor-widget elementor-widget-text-editor\" data-id=\"7ca6113\" data-element_type=\"widget\" data-widget_type=\"text-editor.default\">\n\t\t\t\t<div class=\"elementor-widget-container\">\n\t\t\t\t\t\t\t<p><b>PHUKOS.PL<\/b><\/p>\t\t\t\t\t\t<\/div>\n\t\t\t\t<\/div>\n\t\t\t\t<\/div>\n\t\t\t\t\t<\/div>\n\t\t\t\t<\/div>\n\t\t\t\t\t\t\t<\/div>\n\t\t","protected":false},"excerpt":{"rendered":"<p>Przedsi\u0119biorstwo Handlowo Us\u0142ugowe KOS Micha\u0142 Janusz Nasza strona internetowa jest w budowie. Chcesz zleci\u0107 nam transport? Zadzwo\u0144 lub napisz e-mail Transport ci\u0119\u017carowy to dziedzina, w kt\u00f3rej zdobyli\u015bmy ogromne do\u015bwiadczenie. Sprawd\u017a jak dzia\u0142a firma PHU KOS transport! \u015awiadczymy transport ci\u0119\u017carowy dowolnymi naczepami typu: niskopodwozie (tiefbett, semi) zestaw platforma mega typu firanka (kurtynowe) lub plandeka ch\u0142odnie Przedsi\u0119biorstwo [&hellip;]<\/p>\n","protected":false},"author":1,"featured_media":12,"parent":0,"menu_order":0,"comment_status":"closed","ping_status":"closed","template":"elementor_canvas","meta":{"footnotes":""},"_links":{"self":[{"href":"https:\/\/phukos.pl\/index.php\/wp-json\/wp\/v2\/pages\/10"}],"collection":[{"href":"https:\/\/phukos.pl\/index.php\/wp-json\/wp\/v2\/pages"}],"about":[{"href":"https:\/\/phukos.pl\/index.php\/wp-json\/wp\/v2\/types\/page"}],"author":[{"embeddable":true,"href":"https:\/\/phukos.pl\/index.php\/wp-json\/wp\/v2\/users\/1"}],"replies":[{"embeddable":true,"href":"https:\/\/phukos.pl\/index.php\/wp-json\/wp\/v2\/comments?post=10"}],"version-history":[{"count":86,"href":"https:\/\/phukos.pl\/index.php\/wp-json\/wp\/v2\/pages\/10\/revisions"}],"predecessor-version":[{"id":147,"href":"https:\/\/phukos.pl\/index.php\/wp-json\/wp\/v2\/pages\/10\/revisions\/147"}],"wp:featuredmedia":[{"embeddable":true,"href":"https:\/\/phukos.pl\/index.php\/wp-json\/wp\/v2\/media\/12"}],"wp:attachment":[{"href":"https:\/\/phukos.pl\/index.php\/wp-json\/wp\/v2\/media?parent=10"}],"curies":[{"name":"wp","href":"https:\/\/api.w.org\/{rel}","templated":true}]}}